{"id":10,"date":"2015-03-12T14:08:01","date_gmt":"2015-03-12T14:08:01","guid":{"rendered":"https:\/\/avada.theme-fusion.com_demos\/lifestyle\/?page_id=10"},"modified":"2025-11-21T16:44:57","modified_gmt":"2025-11-21T16:44:57","slug":"salincak","status":"publish","type":"page","link":"https:\/\/seyyarsalincakdonmedolap.com\/index.php\/salincak\/","title":{"rendered":"Salincak"},"content":{"rendered":"<div class=\"fusion-fullwidth fullwidth-box fusion-builder-row-1 fusion-flex-container hundred-percent-fullwidth non-hundred-percent-height-scrolling\" style=\"--awb-background-position:left top;--awb-border-sizes-top:0px;--awb-border-sizes-bottom:0px;--awb-border-sizes-left:0px;--awb-border-sizes-right:0px;--awb-border-radius-top-left:0px;--awb-border-radius-top-right:0px;--awb-border-radius-bottom-right:0px;--awb-border-radius-bottom-left:0px;--awb-padding-top:0px;--awb-padding-right:0px;--awb-padding-bottom:0px;--awb-padding-left:0px;--awb-flex-wrap:wrap;\" ><div class=\"fusion-builder-row fusion-row fusion-flex-align-items-stretch fusion-flex-content-wrap\" style=\"width:calc( 100% + 0px ) !important;max-width:calc( 100% + 0px ) !important;margin-left: calc(-0px \/ 2 );margin-right: calc(-0px \/ 2 );\"><div class=\"fusion-layout-column fusion_builder_column fusion-builder-column-0 fusion_builder_column_1_2 1_2 fusion-flex-column\" style=\"--awb-padding-top:100px;--awb-padding-right:14%;--awb-padding-bottom:100px;--awb-padding-left:14%;--awb-bg-color:hsla(calc(var(--awb-color4-h) - 105),calc(var(--awb-color4-s) - 10%),var(--awb-color4-l),var(--awb-color4-a));--awb-bg-color-hover:hsla(calc(var(--awb-color4-h) - 105),calc(var(--awb-color4-s) - 10%),var(--awb-color4-l),var(--awb-color4-a));--awb-bg-size:cover;--awb-width-large:50%;--awb-margin-top-large:0px;--awb-spacing-right-large:0px;--awb-margin-bottom-large:0px;--awb-spacing-left-large:0px;--awb-width-medium:100%;--awb-order-medium:1;--awb-spacing-right-medium:0px;--awb-spacing-left-medium:0px;--awb-width-small:100%;--awb-spacing-right-small:0px;--awb-spacing-left-small:0px;\"><div class=\"fusion-column-wrapper fusion-flex-justify-content-flex-start fusion-content-layout-column\"><div class=\"fusion-text fusion-text-1\" style=\"--awb-font-size:15px;--awb-line-height:1.5;--awb-letter-spacing:var(--awb-typography1-letter-spacing);--awb-text-transform:var(--awb-typography1-text-transform);--awb-text-color:var(--awb-color1);--awb-text-font-family:var(--awb-typography1-font-family);--awb-text-font-weight:var(--awb-typography1-font-weight);--awb-text-font-style:var(--awb-typography1-font-style);\"><pre>\u00c7ocuklar\u0131n Kahkahalar\u0131 G\u00f6ky\u00fcz\u00fcne Y\u00fckselsin! \ud83c\udfa1\u2728<\/pre>\n<p>Parklar\u0131n\u0131z\u0131 s\u0131radanl\u0131ktan kurtar\u0131n! Rengarenk tasar\u0131m\u0131 ve heyecan verici yap\u0131s\u0131yla yeni nesil Fig\u00fcrl\u00fc D\u00f6nme Sal\u0131ncak, miniklerin favorisi olmaya aday. \ud83d\ude97\ud83c\udfa0<\/p>\n<p>Sadece bir oyun arac\u0131 de\u011fil, \u00e7ocuklar\u0131n sosyalle\u015fece\u011fi ve enerjilerini g\u00fcvenle ataca\u011f\u0131 bir e\u011flence merkezi. \u2705 Canl\u0131 Renkler: \u00c7ocuklar\u0131n ilgisini an\u0131nda \u00e7eken tasar\u0131m. \u2705 Maksimum G\u00fcvenlik: Dayan\u0131kl\u0131 g\u00f6vde ve emniyetli oturma alanlar\u0131. \u2705 E\u011flenceli Fig\u00fcrler: Araba ve at fig\u00fcrleriyle hayal g\u00fcc\u00fcn\u00fc destekler.<\/p>\n<p>\u0130\u015fletmenize, okul bah\u00e7enize veya sitenize ne\u015fe katmak i\u00e7in bizimle ileti\u015fime ge\u00e7in!<\/p>\n<p>\ud83d\udcde Sipari\u015f ve Bilgi: 0 (531) 646 9871 \ud83c\udf10 <a href=\"mailto:bilgi@seyyarsalincakdonmedolap.com\">bilgi@seyyarsalincakdonmedolap.com<\/a><\/p>\n<p>#\u00c7ocukPark\u0131 #OyunGrubu #D\u00f6nmeSal\u0131ncak #ParkEkipmanlar\u0131 #Mutlu\u00c7ocuklar #E\u011flenceZaman\u0131<\/p>\n<\/div><div class=\"fusion-separator fusion-full-width-sep\" style=\"align-self: center;margin-left: auto;margin-right: auto;margin-top:25px;width:100%;\"><\/div><\/div><\/div><div class=\"fusion-layout-column fusion_builder_column fusion-builder-column-1 fusion_builder_column_1_2 1_2 fusion-flex-column\" style=\"--awb-bg-position:center center;--awb-bg-blend:overlay;--awb-bg-size:cover;--awb-width-large:50%;--awb-margin-top-large:0px;--awb-spacing-right-large:0px;--awb-margin-bottom-large:0px;--awb-spacing-left-large:0px;--awb-width-medium:100%;--awb-order-medium:0;--awb-spacing-right-medium:0px;--awb-spacing-left-medium:0px;--awb-width-small:100%;--awb-order-small:0;--awb-spacing-right-small:0px;--awb-spacing-left-small:0px;\" data-scroll-devices=\"small-visibility,medium-visibility,large-visibility\"><div class=\"fusion-column-wrapper lazyload fusion-column-has-shadow fusion-flex-justify-content-flex-start fusion-content-layout-column fusion-column-has-bg-image\" data-bg-url=\"http:\/\/seyyarsalincakdonmedolap.com\/wp-content\/uploads\/2025\/11\/unnamed.jpg\" data-bg=\"http:\/\/seyyarsalincakdonmedolap.com\/wp-content\/uploads\/2025\/11\/unnamed.jpg\"><div class=\"fusion-separator fusion-full-width-sep\" style=\"align-self: center;margin-left: auto;margin-right: auto;margin-top:200px;width:100%;\"><\/div><\/div><\/div><div class=\"fusion-layout-column fusion_builder_column fusion-builder-column-2 fusion_builder_column_1_2 1_2 fusion-flex-column\" style=\"--awb-bg-blend:overlay;--awb-bg-size:cover;--awb-width-large:50%;--awb-margin-top-large:0px;--awb-spacing-right-large:0px;--awb-margin-bottom-large:0px;--awb-spacing-left-large:0px;--awb-width-medium:100%;--awb-order-medium:2;--awb-spacing-right-medium:0px;--awb-spacing-left-medium:0px;--awb-width-small:100%;--awb-order-small:0;--awb-spacing-right-small:0px;--awb-spacing-left-small:0px;\" data-scroll-devices=\"small-visibility,medium-visibility,large-visibility\"><div class=\"fusion-column-wrapper lazyload fusion-column-has-shadow fusion-flex-justify-content-flex-start fusion-content-layout-column fusion-column-has-bg-image\" data-bg-url=\"http:\/\/seyyarsalincakdonmedolap.com\/wp-content\/uploads\/2025\/11\/Donme-Dolap-Zincirli-Yatay.jpg\" data-bg=\"http:\/\/seyyarsalincakdonmedolap.com\/wp-content\/uploads\/2025\/11\/Donme-Dolap-Zincirli-Yatay.jpg\"><div class=\"fusion-separator fusion-full-width-sep\" style=\"align-self: center;margin-left: auto;margin-right: auto;margin-top:200px;width:100%;\"><\/div><\/div><\/div><div class=\"fusion-layout-column fusion_builder_column fusion-builder-column-3 fusion_builder_column_1_2 1_2 fusion-flex-column\" style=\"--awb-padding-top:100px;--awb-padding-right:14%;--awb-padding-bottom:100px;--awb-padding-left:14%;--awb-bg-color:hsla(calc(var(--awb-color4-h) - 105),calc(var(--awb-color4-s) - 10%),var(--awb-color4-l),var(--awb-color4-a));--awb-bg-color-hover:hsla(calc(var(--awb-color4-h) - 105),calc(var(--awb-color4-s) - 10%),var(--awb-color4-l),var(--awb-color4-a));--awb-bg-size:cover;--awb-width-large:50%;--awb-margin-top-large:0px;--awb-spacing-right-large:0px;--awb-margin-bottom-large:0px;--awb-spacing-left-large:0px;--awb-width-medium:100%;--awb-order-medium:3;--awb-spacing-right-medium:0px;--awb-spacing-left-medium:0px;--awb-width-small:100%;--awb-spacing-right-small:0px;--awb-spacing-left-small:0px;\"><div class=\"fusion-column-wrapper fusion-flex-justify-content-flex-start fusion-content-layout-column\"><div class=\"fusion-text fusion-text-2\" style=\"--awb-font-size:15px;--awb-line-height:1.5;--awb-letter-spacing:var(--awb-typography1-letter-spacing);--awb-text-transform:var(--awb-typography1-text-transform);--awb-text-color:var(--awb-color1);--awb-text-font-family:var(--awb-typography1-font-family);--awb-text-font-weight:var(--awb-typography1-font-weight);--awb-text-font-style:var(--awb-typography1-font-style);\"><p>Mutlulu\u011fun Foto\u011fraf\u0131: Parklar\u0131n En Renkli K\u00f6\u015fesi! \ud83d\udcf8\ud83e\udd86<\/p>\n<p>Bir park\u0131n ne kadar sevildi\u011fini anlamak i\u00e7in \u00e7ocuklar\u0131n y\u00fcz\u00fcndeki g\u00fcl\u00fcmsemeye bakman\u0131z yeterli! \ud83d\ude0a Sahadan gelen bu karede, Fig\u00fcrl\u00fc D\u00f6ner Sal\u0131ncak modelimizin minik kullan\u0131c\u0131lar taraf\u0131ndan ne kadar be\u011fenildi\u011fini g\u00f6rebilirsiniz.<br \/>\n\u2728 Neden Bu Kadar \u00c7ok Seviliyor?<br \/>\nSevimli Hayvan Fig\u00fcrleri: \u00d6rdek ve Dinozor tasar\u0131mlar\u0131yla \u00e7ocuklar\u0131n favorisi.<br \/>\nSosyalle\u015fme Alan\u0131: Arkada\u015flar\u0131yla kar\u015f\u0131l\u0131kl\u0131 e\u011flencenin tad\u0131n\u0131 \u00e7\u0131kar\u0131yorlar.<br \/>\nTam G\u00fcvenlik: Sa\u011flam zincir yap\u0131s\u0131 ve dengeli oturum alan\u0131 ile ebeveynlerin i\u00e7i rahat.<br \/>\nSiz de projelerinizde \u00e7ocuklar\u0131n saatlerce s\u0131k\u0131lmadan oynayaca\u011f\u0131 bu renkli d\u00fcnyay\u0131 kurmak istiyorsan\u0131z, bizimle ileti\u015fime ge\u00e7in!<\/p>\n<p>\ud83d\udccd \u0130stanbul&#8217;da\u00a0 referans projemizden canl\u0131 bir kare.<br \/>\n\ud83d\udcde Sipari\u015f ve Bilgi: 0 (531) 646 9871 \ud83c\udf10 <a href=\"mailto:bilgi@seyyarsalincakdonmedolap.com\">bilgi@seyyarsalincakdonmedolap.com<\/a><br \/>\n#\u00c7ocukPark\u0131 #ReferansProje #D\u00f6nerSal\u0131ncak #Mutlu\u00c7ocuklar #ParkEkipmanlar\u0131 #BelediyeParklar\u0131<\/p>\n<\/div><div class=\"fusion-separator fusion-full-width-sep\" style=\"align-self: center;margin-left: auto;margin-right: auto;margin-top:25px;width:100%;\"><\/div><\/div><\/div><div class=\"fusion-layout-column fusion_builder_column fusion-builder-column-4 fusion_builder_column_1_2 1_2 fusion-flex-column\" style=\"--awb-padding-top:100px;--awb-padding-right:14%;--awb-padding-bottom:100px;--awb-padding-left:14%;--awb-bg-color:hsla(calc(var(--awb-color4-h) - 105),calc(var(--awb-color4-s) - 10%),var(--awb-color4-l),var(--awb-color4-a));--awb-bg-color-hover:hsla(calc(var(--awb-color4-h) - 105),calc(var(--awb-color4-s) - 10%),var(--awb-color4-l),var(--awb-color4-a));--awb-bg-size:cover;--awb-width-large:50%;--awb-margin-top-large:0px;--awb-spacing-right-large:0px;--awb-margin-bottom-large:0px;--awb-spacing-left-large:0px;--awb-width-medium:100%;--awb-order-medium:5;--awb-spacing-right-medium:0px;--awb-spacing-left-medium:0px;--awb-width-small:100%;--awb-spacing-right-small:0px;--awb-spacing-left-small:0px;\"><div class=\"fusion-column-wrapper fusion-flex-justify-content-flex-start fusion-content-layout-column\"><div class=\"fusion-text fusion-text-3\" style=\"--awb-font-size:15px;--awb-line-height:1.5;--awb-letter-spacing:var(--awb-typography1-letter-spacing);--awb-text-transform:var(--awb-typography1-text-transform);--awb-text-color:var(--awb-color1);--awb-text-font-family:var(--awb-typography1-font-family);--awb-text-font-weight:var(--awb-typography1-font-weight);--awb-text-font-style:var(--awb-typography1-font-style);\"><p>\ud83d\ude80 S\u0131f\u0131r Enerji Maliyeti, %100 Kazan\u00e7!<\/p>\n<p>Elektrik faturas\u0131 derdi olmadan, mekanik sistemiyle her yerde \u00e7al\u0131\u015fmaya haz\u0131r! \ud83c\udfa1 Bu 6 ki\u015filik d\u00f6nme sal\u0131ncak, sadece \u00e7ocuklar\u0131 de\u011fil, yat\u0131r\u0131mc\u0131s\u0131n\u0131 da mutlu ediyor.<\/p>\n<p>\u2705 Neden Bu \u00dcr\u00fcn\u00fc Se\u00e7melisiniz?<br \/>\n\ud83d\udd0c Elektrik Gerektirmez: Tamamen manuel, masrafs\u0131z sistem.<br \/>\n\ud83c\udf92 Portatif: Parklar, festivaller, sahil kenarlar\u0131 veya AVM \u00f6nleri&#8230; \u0130ster sabit kurun, ister gezen bir e\u011flence noktas\u0131 olun.<br \/>\n\ud83c\udfa8 Dikkat \u00c7ekici Tasar\u0131m: Canl\u0131 renkleri ve estetik duru\u015fuyla bulundu\u011fu ortam\u0131n y\u0131ld\u0131z\u0131 olur.<br \/>\n\ud83d\udee0 Dayan\u0131kl\u0131: D\u0131\u015f mekana uygun, sa\u011flam profil g\u00f6vde.<\/p>\n<p>Sezon a\u00e7\u0131l\u0131rken f\u0131rsat\u0131 ka\u00e7\u0131rmay\u0131n! \u00c7ocuklar\u0131n vazge\u00e7ilmezi olacak bu sal\u0131ncakla i\u015fletmenize hareket kat\u0131n.<br \/>\n\ud83d\udce9 Fiyat ve detayl\u0131 bilgi i\u00e7in DM atabilir veya \ud83d\udcde Sipari\u015f ve Bilgi: 0 (531) 646 9871<br \/>\n\ud83c\udf10 <a href=\"mailto:bilgi@seyyarsalincakdonmedolap.com\">bilgi@seyyarsalincakdonmedolap.com<\/a><\/p>\n<\/div><div class=\"fusion-separator fusion-full-width-sep\" style=\"align-self: center;margin-left: auto;margin-right: auto;margin-top:25px;width:100%;\"><\/div><\/div><\/div><div class=\"fusion-layout-column fusion_builder_column fusion-builder-column-5 fusion_builder_column_1_2 1_2 fusion-flex-column\" style=\"--awb-bg-position:left center;--awb-bg-blend:overlay;--awb-bg-size:cover;--awb-width-large:50%;--awb-margin-top-large:0px;--awb-spacing-right-large:0px;--awb-margin-bottom-large:0px;--awb-spacing-left-large:0px;--awb-width-medium:100%;--awb-order-medium:4;--awb-spacing-right-medium:0px;--awb-spacing-left-medium:0px;--awb-width-small:100%;--awb-order-small:0;--awb-spacing-right-small:0px;--awb-spacing-left-small:0px;\" data-scroll-devices=\"small-visibility,medium-visibility,large-visibility\"><div class=\"fusion-column-wrapper lazyload fusion-column-has-shadow fusion-flex-justify-content-flex-start fusion-content-layout-column fusion-column-has-bg-image\" data-bg-url=\"http:\/\/seyyarsalincakdonmedolap.com\/wp-content\/uploads\/2025\/11\/unnamed-1.jpg\" data-bg=\"http:\/\/seyyarsalincakdonmedolap.com\/wp-content\/uploads\/2025\/11\/unnamed-1.jpg\"><div class=\"fusion-separator fusion-full-width-sep\" style=\"align-self: center;margin-left: auto;margin-right: auto;margin-top:200px;width:100%;\"><\/div><\/div><\/div><\/div><\/div>\n","protected":false},"excerpt":{"rendered":"","protected":false},"author":1,"featured_media":0,"parent":0,"menu_order":0,"comment_status":"closed","ping_status":"open","template":"100-width.php","meta":{"footnotes":""},"class_list":["post-10","page","type-page","status-publish","hentry"],"yoast_head":"<!-- This site is optimized with the Yoast SEO plugin v26.6 - https:\/\/yoast.com\/wordpress\/plugins\/seo\/ -->\n<title>Salincak - Seyyar Sal\u0131ncak D\u00f6nme Dolap<\/title>\n<meta name=\"robots\" content=\"index, follow, max-snippet:-1, max-image-preview:large, max-video-preview:-1\" \/>\n<link rel=\"canonical\" href=\"https:\/\/seyyarsalincakdonmedolap.com\/index.php\/salincak\/\" \/>\n<meta property=\"og:locale\" content=\"en_US\" \/>\n<meta property=\"og:type\" content=\"article\" \/>\n<meta property=\"og:title\" content=\"Salincak - Seyyar Sal\u0131ncak D\u00f6nme Dolap\" \/>\n<meta property=\"og:url\" content=\"https:\/\/seyyarsalincakdonmedolap.com\/index.php\/salincak\/\" \/>\n<meta property=\"og:site_name\" content=\"Seyyar Sal\u0131ncak D\u00f6nme Dolap\" \/>\n<meta property=\"article:modified_time\" content=\"2025-11-21T16:44:57+00:00\" \/>\n<meta name=\"twitter:card\" content=\"summary_large_image\" \/>\n<meta name=\"twitter:label1\" content=\"Est. reading time\" \/>\n\t<meta name=\"twitter:data1\" content=\"14 minutes\" \/>\n<script type=\"application\/ld+json\" class=\"yoast-schema-graph\">{\"@context\":\"https:\/\/schema.org\",\"@graph\":[{\"@type\":\"WebPage\",\"@id\":\"https:\/\/seyyarsalincakdonmedolap.com\/index.php\/salincak\/\",\"url\":\"https:\/\/seyyarsalincakdonmedolap.com\/index.php\/salincak\/\",\"name\":\"Salincak - Seyyar Sal\u0131ncak D\u00f6nme Dolap\",\"isPartOf\":{\"@id\":\"http:\/\/seyyarsalincakdonmedolap.com\/#website\"},\"datePublished\":\"2015-03-12T14:08:01+00:00\",\"dateModified\":\"2025-11-21T16:44:57+00:00\",\"breadcrumb\":{\"@id\":\"https:\/\/seyyarsalincakdonmedolap.com\/index.php\/salincak\/#breadcrumb\"},\"inLanguage\":\"en-US\",\"potentialAction\":[{\"@type\":\"ReadAction\",\"target\":[\"https:\/\/seyyarsalincakdonmedolap.com\/index.php\/salincak\/\"]}]},{\"@type\":\"BreadcrumbList\",\"@id\":\"https:\/\/seyyarsalincakdonmedolap.com\/index.php\/salincak\/#breadcrumb\",\"itemListElement\":[{\"@type\":\"ListItem\",\"position\":1,\"name\":\"Home\",\"item\":\"http:\/\/seyyarsalincakdonmedolap.com\/\"},{\"@type\":\"ListItem\",\"position\":2,\"name\":\"Salincak\"}]},{\"@type\":\"WebSite\",\"@id\":\"http:\/\/seyyarsalincakdonmedolap.com\/#website\",\"url\":\"http:\/\/seyyarsalincakdonmedolap.com\/\",\"name\":\"Seyyar Sal\u0131ncak D\u00f6nme Dolap\",\"description\":\"Seyyar Sal\u0131ncak ve D\u00f6nme Dolap \u00dcretimi ve Sat\u0131\u015f\u0131\",\"potentialAction\":[{\"@type\":\"SearchAction\",\"target\":{\"@type\":\"EntryPoint\",\"urlTemplate\":\"http:\/\/seyyarsalincakdonmedolap.com\/?s={search_term_string}\"},\"query-input\":{\"@type\":\"PropertyValueSpecification\",\"valueRequired\":true,\"valueName\":\"search_term_string\"}}],\"inLanguage\":\"en-US\"}]}<\/script>\n<!-- \/ Yoast SEO plugin. -->","yoast_head_json":{"title":"Salincak - Seyyar Sal\u0131ncak D\u00f6nme Dolap","robots":{"index":"index","follow":"follow","max-snippet":"max-snippet:-1","max-image-preview":"max-image-preview:large","max-video-preview":"max-video-preview:-1"},"canonical":"https:\/\/seyyarsalincakdonmedolap.com\/index.php\/salincak\/","og_locale":"en_US","og_type":"article","og_title":"Salincak - Seyyar Sal\u0131ncak D\u00f6nme Dolap","og_url":"https:\/\/seyyarsalincakdonmedolap.com\/index.php\/salincak\/","og_site_name":"Seyyar Sal\u0131ncak D\u00f6nme Dolap","article_modified_time":"2025-11-21T16:44:57+00:00","twitter_card":"summary_large_image","twitter_misc":{"Est. reading time":"14 minutes"},"schema":{"@context":"https:\/\/schema.org","@graph":[{"@type":"WebPage","@id":"https:\/\/seyyarsalincakdonmedolap.com\/index.php\/salincak\/","url":"https:\/\/seyyarsalincakdonmedolap.com\/index.php\/salincak\/","name":"Salincak - Seyyar Sal\u0131ncak D\u00f6nme Dolap","isPartOf":{"@id":"http:\/\/seyyarsalincakdonmedolap.com\/#website"},"datePublished":"2015-03-12T14:08:01+00:00","dateModified":"2025-11-21T16:44:57+00:00","breadcrumb":{"@id":"https:\/\/seyyarsalincakdonmedolap.com\/index.php\/salincak\/#breadcrumb"},"inLanguage":"en-US","potentialAction":[{"@type":"ReadAction","target":["https:\/\/seyyarsalincakdonmedolap.com\/index.php\/salincak\/"]}]},{"@type":"BreadcrumbList","@id":"https:\/\/seyyarsalincakdonmedolap.com\/index.php\/salincak\/#breadcrumb","itemListElement":[{"@type":"ListItem","position":1,"name":"Home","item":"http:\/\/seyyarsalincakdonmedolap.com\/"},{"@type":"ListItem","position":2,"name":"Salincak"}]},{"@type":"WebSite","@id":"http:\/\/seyyarsalincakdonmedolap.com\/#website","url":"http:\/\/seyyarsalincakdonmedolap.com\/","name":"Seyyar Sal\u0131ncak D\u00f6nme Dolap","description":"Seyyar Sal\u0131ncak ve D\u00f6nme Dolap \u00dcretimi ve Sat\u0131\u015f\u0131","potentialAction":[{"@type":"SearchAction","target":{"@type":"EntryPoint","urlTemplate":"http:\/\/seyyarsalincakdonmedolap.com\/?s={search_term_string}"},"query-input":{"@type":"PropertyValueSpecification","valueRequired":true,"valueName":"search_term_string"}}],"inLanguage":"en-US"}]}},"_links":{"self":[{"href":"https:\/\/seyyarsalincakdonmedolap.com\/index.php\/wp-json\/wp\/v2\/pages\/10","targetHints":{"allow":["GET"]}}],"collection":[{"href":"https:\/\/seyyarsalincakdonmedolap.com\/index.php\/wp-json\/wp\/v2\/pages"}],"about":[{"href":"https:\/\/seyyarsalincakdonmedolap.com\/index.php\/wp-json\/wp\/v2\/types\/page"}],"author":[{"embeddable":true,"href":"https:\/\/seyyarsalincakdonmedolap.com\/index.php\/wp-json\/wp\/v2\/users\/1"}],"replies":[{"embeddable":true,"href":"https:\/\/seyyarsalincakdonmedolap.com\/index.php\/wp-json\/wp\/v2\/comments?post=10"}],"version-history":[{"count":17,"href":"https:\/\/seyyarsalincakdonmedolap.com\/index.php\/wp-json\/wp\/v2\/pages\/10\/revisions"}],"predecessor-version":[{"id":929,"href":"https:\/\/seyyarsalincakdonmedolap.com\/index.php\/wp-json\/wp\/v2\/pages\/10\/revisions\/929"}],"wp:attachment":[{"href":"https:\/\/seyyarsalincakdonmedolap.com\/index.php\/wp-json\/wp\/v2\/media?parent=10"}],"curies":[{"name":"wp","href":"https:\/\/api.w.org\/{rel}","templated":true}]}}